{"id":616,"date":"2019-05-22T16:53:21","date_gmt":"2019-05-22T14:53:21","guid":{"rendered":"http:\/\/ngrmaq.local\/?page_id=616"},"modified":"2019-08-23T11:50:30","modified_gmt":"2019-08-23T09:50:30","slug":"contacto","status":"publish","type":"page","link":"https:\/\/www.ngrmaq.es\/pt\/contacto\/","title":{"rendered":"Contacto"},"content":{"rendered":"<p>[vc_row el_class=&#8221;core-projects touch&#8221;][vc_column el_class=&#8221;sectpad touch_bg&#8221;][vc_row_inner][vc_column_inner][vc_column_text]<\/p>\n<h2>Contacto<\/h2>\n<p>[\/vc_column_text][vc_empty_space height=&#8221;50px&#8221;][\/vc_column_inner][\/vc_row_inner][vc_row_inner el_class=&#8221;row touch_middle&#8221;][vc_column_inner el_class=&#8221;open_hours&#8221; width=&#8221;2\/3&#8243;][vc_column_text]<form method=\"post\" enctype=\"multipart\/form-data\" id=\"vfbp-form-2\" class=\"vfbp-form\"><div style=\"display:none;\"><label for=\"vfbp-EMAIL-AN8fuQyoDLXem\">If you are human, leave this field blank.<\/label><input size=\"25\" autocomplete=\"off\" type=\"text\" name=\"vfbp-EMAIL-AN8fuQyoDLXem\" value=\"\" id=\"\"><\/div><input type=\"hidden\" name=\"_vfb-timestamp-2\" value=\"1777452629\" id=\"\"><input type=\"hidden\" name=\"_vfb-form-id\" value=\"2\" id=\"\"><div class=\"vfb-col-12 vfb-fieldType-text\" id=\"vfbField7\"><div class=\"vfb-form-group\"><label for=\"vfb-field-7\" class=\"vfb-control-label\">Nombre <span class=\"vfb-required-asterisk\">*<\/span><\/label><div><input id=\"vfb-field-7\" class=\"vfb-form-control\" placeholder=\"Nome\" required=\"required\" type=\"text\" name=\"vfb-field-7\" value=\"\"><\/div><\/div><\/div><div class=\"vfb-clearfix\"><\/div><div class=\"vfb-col-12 vfb-fieldType-email\" id=\"vfbField8\"><div class=\"vfb-form-group\"><label for=\"vfb-field-8\" class=\"vfb-control-label\">Correo electr\u00f3nico <span class=\"vfb-required-asterisk\">*<\/span><\/label><div><input id=\"vfb-field-8\" class=\"vfb-form-control\" placeholder=\"Correo electr&oacute;nico\" required=\"required\" type=\"email\" name=\"vfb-field-8\" value=\"\"><\/div><\/div><\/div><div class=\"vfb-clearfix\"><\/div><div class=\"vfb-col-12 vfb-fieldType-textarea\" id=\"vfbField9\"><div class=\"vfb-form-group\"><label for=\"vfb-field-9\" class=\"vfb-control-label\">Mensaje <span class=\"vfb-required-asterisk\">*<\/span><\/label><div><textarea id=\"vfb-field-9\" class=\"vfb-form-control\" placeholder=\"Mensagem\" required=\"required\" rows=\"10\" name=\"vfb-field-9\" cols=\"50\"><\/textarea><\/div><\/div><\/div><div class=\"vfb-clearfix\"><\/div><div class=\"vfb-col-12 vfb-fieldType-checkbox\" id=\"vfbField10\"><label for=\"vfb-field-10\" class=\"vfb-control-label\"> <span class=\"vfb-required-asterisk\">*<\/span><\/label><div><div class=\"vfb-checkbox\"><label><input id=\"vfb-field-10-0\" class=\"\" placeholder=\"\" data-vfb-multiple=\"vfb-field-10\" required=\"required\" type=\"checkbox\" name=\"vfb-field-10[0]\" value=\"1\">Eu li e aceito a <a href=\"\/politica-de-privacidad\" target=\"_blank\">pol\u00edtica de privacidade<\/a>.<\/label><\/div><\/div><\/div><div class=\"vfb-clearfix\"><\/div><div class=\"vfb-col-12 vfb-fieldType-submit\" id=\"vfbField11\"><button id=\"vfb-field-11\" class=\" btn btn-primary\" placeholder=\"\" type=\"submit\" name=\"_vfb-submit\">Submeter<\/button><\/div><div class=\"vfb-clearfix\"><\/div><div class=\"vfb-col-12 vfb-fieldType-captcha\" id=\"vfbField14\"><div class=\"vfb-form-group\"><label for=\"vfb-field-14\" class=\"vfb-control-label\">Captcha <span class=\"vfb-required-asterisk\">*<\/span><\/label><div><div class=\"g-recaptcha\" data-sitekey=\"6LcwsA8dAAAAADVXw7KPev9Nl6C_DtkgQ_EMi6ma\"><\/div><input type=\"hidden\" name=\"_vfb_recaptcha_enabled\" value=\"1\" id=\"\"><div class=\"vfb-has-error\" id=\"vfb-recaptcha-error\"><span class=\"vfb-help-block\">reCAPTCHA is required.<\/span><\/div><\/div><\/div><\/div><div class=\"vfb-clearfix\"><\/div><div class=\"vfb-col-12 vfb-fieldType-instructions\" id=\"vfbField12\"><div class=\"vfb-form-group\"><label for=\"vfb-field-12\" class=\"vfb-control-label\">Instructions<\/label><div class=\"\"><p><strong>Respons\u00e1vel:<\/strong> Noguera Maquinaria S.L.<br \/>\n<strong>Finalidade:<\/strong> Contestar \u00e0s suas perguntas.<br \/>\n<strong>Legitima\u00e7\u00e3o:<\/strong> O seu consentimento expresso.<br \/>\n<strong>Destinat\u00e1rios:<\/strong> Os seus dados ser\u00e3o mantidos pela Noguera Maquinaria S.L. de acordo com a Lei de Prote\u00e7\u00e3o de Dados.<br \/>\n<strong>Direitos:<\/strong> Voc\u00ea ter\u00e1 o direito de acesso, retifica\u00e7\u00e3o e exclus\u00e3o dos seus dados.<br \/>\n<strong>Informa\u00e7\u00f5es adicionais:<\/strong> Voc\u00ea pode consultar as informa\u00e7\u00f5es adicionais e detalhadas sobre Prote\u00e7\u00e3o de Dados na nossa <a href=\"\/politica-de-privacidad\/\" target=\"_blank\" rel=\"noopener\">Pol\u00edtica de Privacidade<\/a>.<\/p>\n<\/div><\/div><\/div><div class=\"vfb-clearfix\"><\/div><\/form>[\/vc_column_text][vc_empty_space height=&#8221;50px&#8221;][\/vc_column_inner][vc_column_inner el_class=&#8221;input_form&#8221; width=&#8221;1\/3&#8243;][vc_column_text]<\/p>\n<div class=\"touch_top-con\">\n<ul class=\"nav\">\n<li class=\"item\">\n<div class=\"media\">\n<div class=\"media-left\"><a href=\"#\"> <i class=\"fa fa-map-marker\"><\/i><br \/>\n<\/a><\/div>\n<div class=\"media-body\"><strong>Noguera Maquinaria, S.L.<\/strong><br \/>\nPol\u00edgono Industrial de Silvota<br \/>\nCalle Pe\u00f1a Santa, 12<br \/>\n33192 Llanera<br \/>\nASTURIAS<\/div>\n<\/div>\n<\/li>\n<li class=\"item\">\n<div class=\"media\">\n<div class=\"media-left\"><a href=\"#\"> <i class=\"fa fa-phone\"><\/i><br \/>\n<\/a><\/div>\n<div class=\"media-body\">(+34) 985 261 945<\/div>\n<\/div>\n<\/li>\n<li class=\"item\">\n<div class=\"media\">\n<div class=\"media-left\"><a href=\"#\"> <i class=\"fa fa-envelope\"><\/i><br \/>\n<\/a><\/div>\n<div class=\"media-body\"><a href=\"mailto:ngrmaq@ngrmaq.es\">ngrmaq@ngrmaq.es<\/a><\/div>\n<\/div>\n<\/li>\n<\/ul>\n<\/div>\n<p>[\/vc_column_text][\/vc_column_inner][\/vc_row_inner][\/vc_column][\/vc_row][vc_row full_width=&#8221;stretch_row_content_no_spaces&#8221;][vc_column][vc_gmaps link=&#8221;#E-8_JTNDaWZyYW1lJTIwc3JjJTNEJTIyaHR0cHMlM0ElMkYlMkZ3d3cuZ29vZ2xlLmNvbSUyRm1hcHMlMkZlbWJlZCUzRnBiJTNEJTIxMW0xOCUyMTFtMTIlMjExbTMlMjExZDEzNzgzLjQzODg0MDY5MTE1MyUyMTJkLTUuODE4MDc1NDgxNzkyOTklMjEzZDQzLjQyNjk1MTk3Mjc4MjE5JTIxMm0zJTIxMWYwJTIxMmYwJTIxM2YwJTIxM20yJTIxMWkxMDI0JTIxMmk3NjglMjE0ZjEzLjElMjEzbTMlMjExbTIlMjExczB4ZDM2ODk0YzNlYTllZWY1JTI1M0EweDVkMTk0MTZjYzI1NDc1Y2IlMjEyc05HUk1BUSUyMTVlMCUyMTNtMiUyMTFzZXMlMjEyc2VzJTIxNHYxNTQ5ODczMDM3MjY4JTIyJTIwd2lkdGglM0QlMjIxMzQ5JTIyJTIwaGVpZ2h0JTNEJTIyNTAwJTIyJTIwZnJhbWVib3JkZXIlM0QlMjIwJTIyJTIwc3R5bGUlM0QlMjJib3JkZXIlM0EwJTIyJTIwYWxsb3dmdWxsc2NyZWVuJTNFJTNDJTJGaWZyYW1lJTNF&#8221;][\/vc_column][\/vc_row]<\/p>\n","protected":false},"excerpt":{"rendered":"<p>[vc_row el_class=&#8221;core-projects touch&#8221;][vc_column el_class=&#8221;sectpad touch_bg&#8221;][vc_row_inner][vc_column_inner][vc_column_text] Contacto [\/vc_column_text][vc_empty_space height=&#8221;50px&#8221;][\/vc_column_inner][\/vc_row_inner][vc_row_inner el_class=&#8221;row touch_middle&#8221;][vc_column_inner el_class=&#8221;open_hours&#8221; width=&#8221;2\/3&#8243;][vc_column_text][\/vc_column_text][vc_empty_space height=&#8221;50px&#8221;][\/vc_column_inner][vc_column_inner el_class=&#8221;input_form&#8221; width=&#8221;1\/3&#8243;][vc_column_text] Noguera Maquinaria, S.L. Pol\u00edgono Industrial de &#8230;<\/p>\n","protected":false},"author":1,"featured_media":0,"parent":0,"menu_order":0,"comment_status":"closed","ping_status":"closed","template":"","meta":{"footnotes":""},"class_list":["post-616","page","type-page","status-publish","hentry"],"yoast_head":"<!-- This site is optimized with the Yoast SEO plugin v26.4 - https:\/\/yoast.com\/wordpress\/plugins\/seo\/ -->\n<title>Contacto - NGRMAQ<\/title>\n<meta name=\"robots\" content=\"index, follow, max-snippet:-1, max-image-preview:large, max-video-preview:-1\" \/>\n<link rel=\"canonical\" href=\"https:\/\/mail.ngrmaq.es\/pt\/contacto\/\" \/>\n<meta property=\"og:locale\" content=\"pt_PT\" \/>\n<meta property=\"og:type\" content=\"article\" \/>\n<meta property=\"og:title\" content=\"Contacto - NGRMAQ\" \/>\n<meta property=\"og:description\" content=\"[vc_row el_class=&#8221;core-projects touch&#8221;][vc_column el_class=&#8221;sectpad touch_bg&#8221;][vc_row_inner][vc_column_inner][vc_column_text] Contacto [\/vc_column_text][vc_empty_space height=&#8221;50px&#8221;][\/vc_column_inner][\/vc_row_inner][vc_row_inner el_class=&#8221;row touch_middle&#8221;][vc_column_inner el_class=&#8221;open_hours&#8221; width=&#8221;2\/3&#8243;][vc_column_text][\/vc_column_text][vc_empty_space height=&#8221;50px&#8221;][\/vc_column_inner][vc_column_inner el_class=&#8221;input_form&#8221; width=&#8221;1\/3&#8243;][vc_column_text] Noguera Maquinaria, S.L. Pol\u00edgono Industrial de ...\" \/>\n<meta property=\"og:url\" content=\"https:\/\/mail.ngrmaq.es\/pt\/contacto\/\" \/>\n<meta property=\"og:site_name\" content=\"NGRMAQ\" \/>\n<meta property=\"article:modified_time\" content=\"2019-08-23T09:50:30+00:00\" \/>\n<meta name=\"twitter:card\" content=\"summary_large_image\" \/>\n<meta name=\"twitter:label1\" content=\"Est. reading time\" \/>\n\t<meta name=\"twitter:data1\" content=\"1 minute\" \/>\n<script type=\"application\/ld+json\" class=\"yoast-schema-graph\">{\"@context\":\"https:\/\/schema.org\",\"@graph\":[{\"@type\":\"WebPage\",\"@id\":\"https:\/\/mail.ngrmaq.es\/pt\/contacto\/\",\"url\":\"https:\/\/mail.ngrmaq.es\/pt\/contacto\/\",\"name\":\"Contacto - NGRMAQ\",\"isPartOf\":{\"@id\":\"https:\/\/www.ngrmaq.es\/pt\/#website\"},\"datePublished\":\"2019-05-22T14:53:21+00:00\",\"dateModified\":\"2019-08-23T09:50:30+00:00\",\"breadcrumb\":{\"@id\":\"https:\/\/mail.ngrmaq.es\/pt\/contacto\/#breadcrumb\"},\"inLanguage\":\"pt-PT\",\"potentialAction\":[{\"@type\":\"ReadAction\",\"target\":[\"https:\/\/mail.ngrmaq.es\/pt\/contacto\/\"]}]},{\"@type\":\"BreadcrumbList\",\"@id\":\"https:\/\/mail.ngrmaq.es\/pt\/contacto\/#breadcrumb\",\"itemListElement\":[{\"@type\":\"ListItem\",\"position\":1,\"name\":\"Portada\",\"item\":\"https:\/\/www.ngrmaq.es\/pt\/\"},{\"@type\":\"ListItem\",\"position\":2,\"name\":\"Contacto\"}]},{\"@type\":\"WebSite\",\"@id\":\"https:\/\/www.ngrmaq.es\/pt\/#website\",\"url\":\"https:\/\/www.ngrmaq.es\/pt\/\",\"name\":\"NGRMAQ\",\"description\":\"El partner tecnol\u00f3gico de la industria del perfilado.\",\"potentialAction\":[{\"@type\":\"SearchAction\",\"target\":{\"@type\":\"EntryPoint\",\"urlTemplate\":\"https:\/\/www.ngrmaq.es\/pt\/?s={search_term_string}\"},\"query-input\":{\"@type\":\"PropertyValueSpecification\",\"valueRequired\":true,\"valueName\":\"search_term_string\"}}],\"inLanguage\":\"pt-PT\"}]}<\/script>\n<!-- \/ Yoast SEO plugin. -->","yoast_head_json":{"title":"Contacto - NGRMAQ","robots":{"index":"index","follow":"follow","max-snippet":"max-snippet:-1","max-image-preview":"max-image-preview:large","max-video-preview":"max-video-preview:-1"},"canonical":"https:\/\/mail.ngrmaq.es\/pt\/contacto\/","og_locale":"pt_PT","og_type":"article","og_title":"Contacto - NGRMAQ","og_description":"[vc_row el_class=&#8221;core-projects touch&#8221;][vc_column el_class=&#8221;sectpad touch_bg&#8221;][vc_row_inner][vc_column_inner][vc_column_text] Contacto [\/vc_column_text][vc_empty_space height=&#8221;50px&#8221;][\/vc_column_inner][\/vc_row_inner][vc_row_inner el_class=&#8221;row touch_middle&#8221;][vc_column_inner el_class=&#8221;open_hours&#8221; width=&#8221;2\/3&#8243;][vc_column_text][\/vc_column_text][vc_empty_space height=&#8221;50px&#8221;][\/vc_column_inner][vc_column_inner el_class=&#8221;input_form&#8221; width=&#8221;1\/3&#8243;][vc_column_text] Noguera Maquinaria, S.L. Pol\u00edgono Industrial de ...","og_url":"https:\/\/mail.ngrmaq.es\/pt\/contacto\/","og_site_name":"NGRMAQ","article_modified_time":"2019-08-23T09:50:30+00:00","twitter_card":"summary_large_image","twitter_misc":{"Est. reading time":"1 minute"},"schema":{"@context":"https:\/\/schema.org","@graph":[{"@type":"WebPage","@id":"https:\/\/mail.ngrmaq.es\/pt\/contacto\/","url":"https:\/\/mail.ngrmaq.es\/pt\/contacto\/","name":"Contacto - NGRMAQ","isPartOf":{"@id":"https:\/\/www.ngrmaq.es\/pt\/#website"},"datePublished":"2019-05-22T14:53:21+00:00","dateModified":"2019-08-23T09:50:30+00:00","breadcrumb":{"@id":"https:\/\/mail.ngrmaq.es\/pt\/contacto\/#breadcrumb"},"inLanguage":"pt-PT","potentialAction":[{"@type":"ReadAction","target":["https:\/\/mail.ngrmaq.es\/pt\/contacto\/"]}]},{"@type":"BreadcrumbList","@id":"https:\/\/mail.ngrmaq.es\/pt\/contacto\/#breadcrumb","itemListElement":[{"@type":"ListItem","position":1,"name":"Portada","item":"https:\/\/www.ngrmaq.es\/pt\/"},{"@type":"ListItem","position":2,"name":"Contacto"}]},{"@type":"WebSite","@id":"https:\/\/www.ngrmaq.es\/pt\/#website","url":"https:\/\/www.ngrmaq.es\/pt\/","name":"NGRMAQ","description":"El partner tecnol\u00f3gico de la industria del perfilado.","potentialAction":[{"@type":"SearchAction","target":{"@type":"EntryPoint","urlTemplate":"https:\/\/www.ngrmaq.es\/pt\/?s={search_term_string}"},"query-input":{"@type":"PropertyValueSpecification","valueRequired":true,"valueName":"search_term_string"}}],"inLanguage":"pt-PT"}]}},"_links":{"self":[{"href":"https:\/\/www.ngrmaq.es\/pt\/wp-json\/wp\/v2\/pages\/616","targetHints":{"allow":["GET"]}}],"collection":[{"href":"https:\/\/www.ngrmaq.es\/pt\/wp-json\/wp\/v2\/pages"}],"about":[{"href":"https:\/\/www.ngrmaq.es\/pt\/wp-json\/wp\/v2\/types\/page"}],"author":[{"embeddable":true,"href":"https:\/\/www.ngrmaq.es\/pt\/wp-json\/wp\/v2\/users\/1"}],"replies":[{"embeddable":true,"href":"https:\/\/www.ngrmaq.es\/pt\/wp-json\/wp\/v2\/comments?post=616"}],"version-history":[{"count":3,"href":"https:\/\/www.ngrmaq.es\/pt\/wp-json\/wp\/v2\/pages\/616\/revisions"}],"predecessor-version":[{"id":622,"href":"https:\/\/www.ngrmaq.es\/pt\/wp-json\/wp\/v2\/pages\/616\/revisions\/622"}],"wp:attachment":[{"href":"https:\/\/www.ngrmaq.es\/pt\/wp-json\/wp\/v2\/media?parent=616"}],"curies":[{"name":"wp","href":"https:\/\/api.w.org\/{rel}","templated":true}]}}